{"id":5457,"date":"2017-07-04T14:39:53","date_gmt":"2017-07-04T12:39:53","guid":{"rendered":"https:\/\/www.artelight.com\/das-unternehmen\/"},"modified":"2017-07-31T08:48:01","modified_gmt":"2017-07-31T06:48:01","slug":"das-unternehmen","status":"publish","type":"page","link":"https:\/\/www.artelight.com\/de\/das-unternehmen\/","title":{"rendered":"Das Unternehmen"},"content":{"rendered":"<div id='av-layout-grid-1'  class='av-layout-grid-container av-av_layout_row-75e9ceea773422d3be03848f3a0fe8c7 entry-content-wrapper main_color av-flex-cells  avia-builder-el-0  el_before_av_one_full  avia-builder-el-first   container_wrap sidebar_right'  >\n\n<style type=\"text\/css\" data-created_by=\"avia_inline_auto\" id=\"style-css-av-av_cell_one_half-fd0503ffed872e39109477549c6849f3\">\n.flex_cell.av-av_cell_one_half-fd0503ffed872e39109477549c6849f3{\nvertical-align:middle;\nheight:500px;\nmin-height:500px;\nbackground-color:#014ec3;\n}\n.responsive #top #wrap_all .flex_cell.av-av_cell_one_half-fd0503ffed872e39109477549c6849f3{\npadding:80px 80px 80px 80px !important;\n}\n<\/style>\n<div class='flex_cell av-av_cell_one_half-fd0503ffed872e39109477549c6849f3 av-gridrow-cell av_one_half no_margin  avia-builder-el-1  el_before_av_cell_one_half  avia-builder-el-first  content-align-middle avia-full-stretch'  ><div class='flex_cell_inner'><p>\n<style type=\"text\/css\" data-created_by=\"avia_inline_auto\" id=\"style-css-av-av_heading-467c8d18f6c975efaf890b095826798e\">\n#top .av-special-heading.av-av_heading-467c8d18f6c975efaf890b095826798e{\npadding-bottom:25px;\ncolor:#ffffff;\nfont-size:34px;\n}\nbody .av-special-heading.av-av_heading-467c8d18f6c975efaf890b095826798e .av-special-heading-tag .heading-char{\nfont-size:25px;\n}\n#top #wrap_all .av-special-heading.av-av_heading-467c8d18f6c975efaf890b095826798e .av-special-heading-tag{\nfont-size:34px;\n}\n.av-special-heading.av-av_heading-467c8d18f6c975efaf890b095826798e .special-heading-inner-border{\nborder-color:#ffffff;\n}\n.av-special-heading.av-av_heading-467c8d18f6c975efaf890b095826798e .av-subheading{\nfont-size:15px;\n}\n\n@media only screen and (min-width: 480px) and (max-width: 767px){ \n#top #wrap_all .av-special-heading.av-av_heading-467c8d18f6c975efaf890b095826798e .av-special-heading-tag{\nfont-size:0.8em;\n}\n}\n\n@media only screen and (max-width: 479px){ \n#top #wrap_all .av-special-heading.av-av_heading-467c8d18f6c975efaf890b095826798e .av-special-heading-tag{\nfont-size:0.8em;\n}\n}\n<\/style>\n<div  class='av-special-heading av-av_heading-467c8d18f6c975efaf890b095826798e av-special-heading-h3 custom-color-heading blockquote modern-quote  avia-builder-el-2  el_before_av_textblock  avia-builder-el-first  av-inherit-size'><h3 class='av-special-heading-tag '  itemprop=\"headline\"  >Arte Light srl<\/h3><div class=\"special-heading-border\"><div class=\"special-heading-inner-border\"><\/div><\/div><\/div><br \/>\n\n<style type=\"text\/css\" data-created_by=\"avia_inline_auto\" id=\"style-css-av-av_textblock-0b24277fcb3157fd54563c4417ea17f7\">\n#top .av_textblock_section.av-av_textblock-0b24277fcb3157fd54563c4417ea17f7 .avia_textblock{\ncolor:#ffffff;\n}\n<\/style>\n<section  class='av_textblock_section av-av_textblock-0b24277fcb3157fd54563c4417ea17f7 '   itemscope=\"itemscope\" itemtype=\"https:\/\/schema.org\/CreativeWork\" ><div class='avia_textblock av_inherit_color'  itemprop=\"text\" ><p>Arte Light srl entstand im Jahr 1997 aus der Spaltung des Gesch\u00e4ftsbereichs eines konsolidierten Familienunternehmens in der Beleuchtungsbranche.<\/p>\n<p>Zu Beginn macht Arte Light als Produzent von Halbfabrikaten von sich reden. Flexibilit\u00e4t, Kreativit\u00e4t, st\u00e4ndige technologische Forschung und Know how machen Arte Light schnell zu einem f\u00fchrenden Unternehmen bei der Entwicklung und der Herstellung von individuell gestalteten Fertigprodukten.<\/p>\n<p>Die Zusammenarbeit mit einem Netz aus qualifizierten Lieferanten erm\u00f6glicht uns, jede Produktionsbeschr\u00e4nkung zu \u00fcberwinden und dem Kunden somit einen &#8222;schl\u00fcsselfertigen&#8220; Service zu bieten.<\/p>\n<\/div><\/section><\/p>\n<\/div><\/div>\n<style type=\"text\/css\" data-created_by=\"avia_inline_auto\" id=\"style-css-av-av_cell_one_half-581af68f60884da63c239eac8d2a408c\">\n.flex_cell.av-av_cell_one_half-581af68f60884da63c239eac8d2a408c{\nvertical-align:middle;\nheight:500px;\nmin-height:500px;\nbackground:url(https:\/\/www.artelight.com\/wp-content\/uploads\/2017\/06\/azienda01-800x430.jpg) 0% 0% no-repeat scroll #22689e;\n}\n.responsive #top #wrap_all .flex_cell.av-av_cell_one_half-581af68f60884da63c239eac8d2a408c{\npadding:80px 80px 80px 80px !important;\n}\n<\/style>\n<div class='flex_cell av-av_cell_one_half-581af68f60884da63c239eac8d2a408c av-gridrow-cell av_one_half no_margin av-hide-on-mobile  avia-builder-el-4  el_after_av_cell_one_half  avia-builder-el-last  content-align-middle avia-full-stretch'  ><div class='flex_cell_inner'><\/div><\/div><\/div><div id='after_grid_row_1'  class='main_color av_default_container_wrap container_wrap sidebar_right'  ><div class='container av-section-cont-open' ><div class='template-page content  av-content-small alpha units'><div class='post-entry post-entry-type-page post-entry-5457'><div class='entry-content-wrapper clearfix'>\n<style type=\"text\/css\" data-created_by=\"avia_inline_auto\" id=\"style-css-av-av_one_full-6126cab7d8fab8d08143dd2dacdf673c\">\n.flex_column.av-av_one_full-6126cab7d8fab8d08143dd2dacdf673c{\nborder-radius:0px 0px 0px 0px;\npadding:0px 0px 0px 0px;\n}\n<\/style>\n<div  class='flex_column av-av_one_full-6126cab7d8fab8d08143dd2dacdf673c av_one_full  avia-builder-el-5  el_after_av_layout_row  avia-builder-el-no-sibling  first flex_column_div av-zero-column-padding  '     ><div  class='avia-button-wrap avia-button-center  avia-builder-el-6  avia-builder-el-no-sibling '>\n<style type=\"text\/css\" data-created_by=\"avia_inline_auto\" id=\"style-css-av-av_button_big-ae847576f4dda08b48bb406a1e891a8b\">\n#top #wrap_all .avia-button.av-av_button_big-ae847576f4dda08b48bb406a1e891a8b{\ncolor:#ffffff;\ntransition:all 0.4s ease-in-out;\n}\n#top #wrap_all .avia-button.av-av_button_big-ae847576f4dda08b48bb406a1e891a8b:hover{\ncolor:#ffffff;\ntransition:all 0.4s ease-in-out;\n}\n#top #wrap_all .avia-button.av-av_button_big-ae847576f4dda08b48bb406a1e891a8b .avia-svg-icon svg:first-child{\nfill:#ffffff;\nstroke:#ffffff;\n}\n#top #wrap_all .avia-button.av-av_button_big-ae847576f4dda08b48bb406a1e891a8b:hover .avia-svg-icon svg:first-child{\nfill:#ffffff;\nstroke:#ffffff;\n}\n<\/style>\n<a href='https:\/\/www.artelight.com\/de\/unsere-geschichte\/' class='avia-color-red avia-button avia-button-fullwidth av-av_button_big-ae847576f4dda08b48bb406a1e891a8b avia-icon_select-yes-left-icon avia-color-red'   aria-label=\"Eine mehr als 30 Jahre lange Geschichte\"><span class='avia_button_icon avia_button_icon_left avia-iconfont avia-font-entypo-fontello' data-av_icon='\ue84f' data-av_iconfont='entypo-fontello' ><\/span><span class='avia_iconbox_title' >Eine mehr als 30 Jahre lange Geschichte<\/span><span class='avia_button_background avia-button avia-button-fullwidth avia-color-theme-color'><\/span><\/a><\/div><\/div><\/p>\n","protected":false},"excerpt":{"rendered":"","protected":false},"author":2,"featured_media":0,"parent":0,"menu_order":0,"comment_status":"closed","ping_status":"closed","template":"","meta":{"footnotes":""},"class_list":["post-5457","page","type-page","status-publish","hentry"],"yoast_head":"<!-- This site is optimized with the Yoast SEO plugin v27.4 - https:\/\/yoast.com\/product\/yoast-seo-wordpress\/ -->\n<title>Das Unternehmen - Arte Light<\/title>\n<meta name=\"robots\" content=\"index, follow, max-snippet:-1, max-image-preview:large, max-video-preview:-1\" \/>\n<link rel=\"canonical\" href=\"https:\/\/www.artelight.com\/de\/das-unternehmen\/\" \/>\n<meta property=\"og:locale\" content=\"de_DE\" \/>\n<meta property=\"og:type\" content=\"article\" \/>\n<meta property=\"og:title\" content=\"Das Unternehmen - Arte Light\" \/>\n<meta property=\"og:url\" content=\"https:\/\/www.artelight.com\/de\/das-unternehmen\/\" \/>\n<meta property=\"og:site_name\" content=\"Arte Light\" \/>\n<meta property=\"article:publisher\" content=\"https:\/\/www.facebook.com\/Artelightsrl\/\" \/>\n<meta property=\"article:modified_time\" content=\"2017-07-31T06:48:01+00:00\" \/>\n<meta name=\"twitter:card\" content=\"summary_large_image\" \/>\n<meta name=\"twitter:label1\" content=\"Gesch\u00e4tzte Lesezeit\" \/>\n\t<meta name=\"twitter:data1\" content=\"2\u00a0Minuten\" \/>\n<script type=\"application\/ld+json\" class=\"yoast-schema-graph\">{\"@context\":\"https:\\\/\\\/schema.org\",\"@graph\":[{\"@type\":\"WebPage\",\"@id\":\"https:\\\/\\\/www.artelight.com\\\/de\\\/das-unternehmen\\\/\",\"url\":\"https:\\\/\\\/www.artelight.com\\\/de\\\/das-unternehmen\\\/\",\"name\":\"Das Unternehmen - Arte Light\",\"isPartOf\":{\"@id\":\"https:\\\/\\\/www.artelight.com\\\/de\\\/#website\"},\"datePublished\":\"2017-07-04T12:39:53+00:00\",\"dateModified\":\"2017-07-31T06:48:01+00:00\",\"breadcrumb\":{\"@id\":\"https:\\\/\\\/www.artelight.com\\\/de\\\/das-unternehmen\\\/#breadcrumb\"},\"inLanguage\":\"de\",\"potentialAction\":[{\"@type\":\"ReadAction\",\"target\":[\"https:\\\/\\\/www.artelight.com\\\/de\\\/das-unternehmen\\\/\"]}]},{\"@type\":\"BreadcrumbList\",\"@id\":\"https:\\\/\\\/www.artelight.com\\\/de\\\/das-unternehmen\\\/#breadcrumb\",\"itemListElement\":[{\"@type\":\"ListItem\",\"position\":1,\"name\":\"Home\",\"item\":\"https:\\\/\\\/www.artelight.com\\\/de\\\/homepage\\\/\"},{\"@type\":\"ListItem\",\"position\":2,\"name\":\"Das Unternehmen\"}]},{\"@type\":\"WebSite\",\"@id\":\"https:\\\/\\\/www.artelight.com\\\/de\\\/#website\",\"url\":\"https:\\\/\\\/www.artelight.com\\\/de\\\/\",\"name\":\"Arte Light\",\"description\":\"Veste la luce\",\"publisher\":{\"@id\":\"https:\\\/\\\/www.artelight.com\\\/de\\\/#organization\"},\"potentialAction\":[{\"@type\":\"SearchAction\",\"target\":{\"@type\":\"EntryPoint\",\"urlTemplate\":\"https:\\\/\\\/www.artelight.com\\\/de\\\/?s={search_term_string}\"},\"query-input\":{\"@type\":\"PropertyValueSpecification\",\"valueRequired\":true,\"valueName\":\"search_term_string\"}}],\"inLanguage\":\"de\"},{\"@type\":\"Organization\",\"@id\":\"https:\\\/\\\/www.artelight.com\\\/de\\\/#organization\",\"name\":\"Arte Light\",\"url\":\"https:\\\/\\\/www.artelight.com\\\/de\\\/\",\"logo\":{\"@type\":\"ImageObject\",\"inLanguage\":\"de\",\"@id\":\"https:\\\/\\\/www.artelight.com\\\/de\\\/#\\\/schema\\\/logo\\\/image\\\/\",\"url\":\"https:\\\/\\\/www.artelight.com\\\/wp-content\\\/uploads\\\/2017\\\/02\\\/logo.png\",\"contentUrl\":\"https:\\\/\\\/www.artelight.com\\\/wp-content\\\/uploads\\\/2017\\\/02\\\/logo.png\",\"width\":352,\"height\":90,\"caption\":\"Arte Light\"},\"image\":{\"@id\":\"https:\\\/\\\/www.artelight.com\\\/de\\\/#\\\/schema\\\/logo\\\/image\\\/\"},\"sameAs\":[\"https:\\\/\\\/www.facebook.com\\\/Artelightsrl\\\/\"]}]}<\/script>\n<!-- \/ Yoast SEO plugin. -->","yoast_head_json":{"title":"Das Unternehmen - Arte Light","robots":{"index":"index","follow":"follow","max-snippet":"max-snippet:-1","max-image-preview":"max-image-preview:large","max-video-preview":"max-video-preview:-1"},"canonical":"https:\/\/www.artelight.com\/de\/das-unternehmen\/","og_locale":"de_DE","og_type":"article","og_title":"Das Unternehmen - Arte Light","og_url":"https:\/\/www.artelight.com\/de\/das-unternehmen\/","og_site_name":"Arte Light","article_publisher":"https:\/\/www.facebook.com\/Artelightsrl\/","article_modified_time":"2017-07-31T06:48:01+00:00","twitter_card":"summary_large_image","twitter_misc":{"Gesch\u00e4tzte Lesezeit":"2\u00a0Minuten"},"schema":{"@context":"https:\/\/schema.org","@graph":[{"@type":"WebPage","@id":"https:\/\/www.artelight.com\/de\/das-unternehmen\/","url":"https:\/\/www.artelight.com\/de\/das-unternehmen\/","name":"Das Unternehmen - Arte Light","isPartOf":{"@id":"https:\/\/www.artelight.com\/de\/#website"},"datePublished":"2017-07-04T12:39:53+00:00","dateModified":"2017-07-31T06:48:01+00:00","breadcrumb":{"@id":"https:\/\/www.artelight.com\/de\/das-unternehmen\/#breadcrumb"},"inLanguage":"de","potentialAction":[{"@type":"ReadAction","target":["https:\/\/www.artelight.com\/de\/das-unternehmen\/"]}]},{"@type":"BreadcrumbList","@id":"https:\/\/www.artelight.com\/de\/das-unternehmen\/#breadcrumb","itemListElement":[{"@type":"ListItem","position":1,"name":"Home","item":"https:\/\/www.artelight.com\/de\/homepage\/"},{"@type":"ListItem","position":2,"name":"Das Unternehmen"}]},{"@type":"WebSite","@id":"https:\/\/www.artelight.com\/de\/#website","url":"https:\/\/www.artelight.com\/de\/","name":"Arte Light","description":"Veste la luce","publisher":{"@id":"https:\/\/www.artelight.com\/de\/#organization"},"potentialAction":[{"@type":"SearchAction","target":{"@type":"EntryPoint","urlTemplate":"https:\/\/www.artelight.com\/de\/?s={search_term_string}"},"query-input":{"@type":"PropertyValueSpecification","valueRequired":true,"valueName":"search_term_string"}}],"inLanguage":"de"},{"@type":"Organization","@id":"https:\/\/www.artelight.com\/de\/#organization","name":"Arte Light","url":"https:\/\/www.artelight.com\/de\/","logo":{"@type":"ImageObject","inLanguage":"de","@id":"https:\/\/www.artelight.com\/de\/#\/schema\/logo\/image\/","url":"https:\/\/www.artelight.com\/wp-content\/uploads\/2017\/02\/logo.png","contentUrl":"https:\/\/www.artelight.com\/wp-content\/uploads\/2017\/02\/logo.png","width":352,"height":90,"caption":"Arte Light"},"image":{"@id":"https:\/\/www.artelight.com\/de\/#\/schema\/logo\/image\/"},"sameAs":["https:\/\/www.facebook.com\/Artelightsrl\/"]}]}},"_links":{"self":[{"href":"https:\/\/www.artelight.com\/de\/wp-json\/wp\/v2\/pages\/5457","targetHints":{"allow":["GET"]}}],"collection":[{"href":"https:\/\/www.artelight.com\/de\/wp-json\/wp\/v2\/pages"}],"about":[{"href":"https:\/\/www.artelight.com\/de\/wp-json\/wp\/v2\/types\/page"}],"author":[{"embeddable":true,"href":"https:\/\/www.artelight.com\/de\/wp-json\/wp\/v2\/users\/2"}],"replies":[{"embeddable":true,"href":"https:\/\/www.artelight.com\/de\/wp-json\/wp\/v2\/comments?post=5457"}],"version-history":[{"count":6,"href":"https:\/\/www.artelight.com\/de\/wp-json\/wp\/v2\/pages\/5457\/revisions"}],"predecessor-version":[{"id":6485,"href":"https:\/\/www.artelight.com\/de\/wp-json\/wp\/v2\/pages\/5457\/revisions\/6485"}],"wp:attachment":[{"href":"https:\/\/www.artelight.com\/de\/wp-json\/wp\/v2\/media?parent=5457"}],"curies":[{"name":"wp","href":"https:\/\/api.w.org\/{rel}","templated":true}]}}