{"id":5470,"date":"2017-06-27T11:35:45","date_gmt":"2017-06-27T09:35:45","guid":{"rendered":"https:\/\/www.artelight.com\/kontakte\/"},"modified":"2018-06-21T15:35:20","modified_gmt":"2018-06-21T13:35:20","slug":"kontakte","status":"publish","type":"page","link":"https:\/\/www.artelight.com\/de\/kontakte\/","title":{"rendered":"Kontakte"},"content":{"rendered":"<div  class='av_gmaps_sc_main_wrap av_gmaps_main_wrap '><div id='av_gmap_0' class='avia-google-map-container avia-google-map-sc av_gmaps_show_unconditionally av-no-fallback-img ' data-mapid='av_gmap_0'  style='height: 500px;'><a class=\"av_gmaps_browser_disabled av_text_confirm_link av_text_confirm_link_visible\" href=\"https:\/\/www.google.com\/maps\/search\/?api=1&#038;query=Via%20Louis%20Pasteur,%2033,%2031059%20%20Zero%20Branco%20%20Italien\" target=\"_blank\">Aufgrund deiner Datenschutz-Einstellungen k\u00f6nnen wir Ihnen die Karte nicht anzeigen. Klicken Sie hier, um die Karte in einem neuen Fenster zu \u00f6ffnen.<\/a><\/div><\/div>\n<div id='av-layout-grid-1'  class='av-layout-grid-container av-av_layout_row-e3a44d01c6c9996d8d94815d74fa2dfd entry-content-wrapper main_color av-fixed-cells  avia-builder-el-1  el_after_av_google_map  el_before_av_section  grid-row-not-first  container_wrap sidebar_right'  >\n\n<style type=\"text\/css\" data-created_by=\"avia_inline_auto\" id=\"style-css-av-av_cell_one_half-473ef6f03ca21d43c7b5e6acdb61c946\">\n.flex_cell.av-av_cell_one_half-473ef6f03ca21d43c7b5e6acdb61c946{\nvertical-align:top;\nbackground-color:#2388c2;\n}\n.responsive #top #wrap_all .flex_cell.av-av_cell_one_half-473ef6f03ca21d43c7b5e6acdb61c946{\npadding:9px 0px 0px 0px !important;\n}\n<\/style>\n<div class='flex_cell av-av_cell_one_half-473ef6f03ca21d43c7b5e6acdb61c946 av-gridrow-cell av_one_half no_margin  avia-builder-el-2  el_before_av_cell_one_half  avia-builder-el-first  content-align-top'  ><div class='flex_cell_inner'><\/div><\/div>\n<style type=\"text\/css\" data-created_by=\"avia_inline_auto\" id=\"style-css-av-av_cell_one_half-a301fb3b57145a55b0a7aad46c018414\">\n.flex_cell.av-av_cell_one_half-a301fb3b57145a55b0a7aad46c018414{\nvertical-align:top;\nbackground-color:#5fb4e4;\n}\n.responsive #top #wrap_all .flex_cell.av-av_cell_one_half-a301fb3b57145a55b0a7aad46c018414{\npadding:9px 0px 0px 0px !important;\n}\n<\/style>\n<div class='flex_cell av-av_cell_one_half-a301fb3b57145a55b0a7aad46c018414 av-gridrow-cell av_one_half no_margin  avia-builder-el-3  el_after_av_cell_one_half  avia-builder-el-last  content-align-top'  ><div class='flex_cell_inner'><\/div><\/div>\n<\/div>\n<div id='av_section_1'  class='avia-section av-av_section-f3b48af71b91bf2a61ae5e24c0e5ddd8 main_color avia-section-huge avia-no-border-styling  avia-builder-el-4  el_after_av_layout_row  avia-builder-el-last  avia-bg-style-scroll container_wrap sidebar_right'  ><div class='container av-section-cont-open' ><div class='template-page content  av-content-small alpha units'><div class='post-entry post-entry-type-page post-entry-5470'><div class='entry-content-wrapper clearfix'>\n<div class='flex_column_table av-av_one_third-e3e429ebfee9270bacd07d39407b38be sc-av_one_third av-equal-height-column-flextable'>\n<style type=\"text\/css\" data-created_by=\"avia_inline_auto\" id=\"style-css-av-av_one_third-e3e429ebfee9270bacd07d39407b38be\">\n#top .flex_column_table.av-equal-height-column-flextable.av-av_one_third-e3e429ebfee9270bacd07d39407b38be{\nmargin-top:-200px;\nmargin-bottom:0px;\n}\n.flex_column.av-av_one_third-e3e429ebfee9270bacd07d39407b38be{\nborder-radius:0px 0px 0px 0px;\npadding:40px 40px 40px 40px;\n}\n<\/style>\n<div  class='flex_column av-av_one_third-e3e429ebfee9270bacd07d39407b38be av_one_third  avia-builder-el-5  el_before_av_one_third  avia-builder-el-first  first no_margin flex_column_table_cell av-equal-height-column av-align-top  '     ><\/div>\n<style type=\"text\/css\" data-created_by=\"avia_inline_auto\" id=\"style-css-av-av_one_third-fd24c32d759c3e290fe78efab639a8d9\">\n#top .flex_column_table.av-equal-height-column-flextable.av-av_one_third-fd24c32d759c3e290fe78efab639a8d9{\nmargin-top:-200px;\nmargin-bottom:0px;\n}\n.flex_column.av-av_one_third-fd24c32d759c3e290fe78efab639a8d9{\nborder-radius:0px 0px 0px 0px;\npadding:40px 40px 40px 40px;\nbackground-color:#379cd6;\n}\n<\/style>\n<div  class='flex_column av-av_one_third-fd24c32d759c3e290fe78efab639a8d9 av_one_third  avia-builder-el-6  el_after_av_one_third  el_before_av_one_third  no_margin flex_column_table_cell av-equal-height-column av-align-top  '     ><p>\n<style type=\"text\/css\" data-created_by=\"avia_inline_auto\" id=\"style-css-av-av_font_icon-fdf8a65a457746313ad641deaeade99f\">\n.av_font_icon.av-av_font_icon-fdf8a65a457746313ad641deaeade99f{\ncolor:#ffffff;\nborder-color:#ffffff;\n}\n.avia-svg-icon.av-av_font_icon-fdf8a65a457746313ad641deaeade99f svg:first-child{\nstroke:#ffffff;\nfill:#ffffff;\n}\n.av_font_icon.av-av_font_icon-fdf8a65a457746313ad641deaeade99f .av-icon-char{\nfont-size:60px;\nline-height:60px;\n}\n<\/style>\n<span  class='av_font_icon av-av_font_icon-fdf8a65a457746313ad641deaeade99f avia_animate_when_visible av-icon-style- avia-icon-pos-center avia-iconfont avia-font-entypo-fontello avia-icon-animate'><span class='av-icon-char' data-av_icon='\ue805' data-av_iconfont='entypo-fontello' aria-hidden=\"true\" ><\/span><\/span><br \/>\n\n<style type=\"text\/css\" data-created_by=\"avia_inline_auto\" id=\"style-css-av-av_hr-a6de236e6c183bbbd700292deacd2b52\">\n#top .hr.hr-invisible.av-av_hr-a6de236e6c183bbbd700292deacd2b52{\nheight:20px;\n}\n<\/style>\n<div  class='hr av-av_hr-a6de236e6c183bbbd700292deacd2b52 hr-invisible  avia-builder-el-8  el_after_av_font_icon  el_before_av_textblock '><span class='hr-inner '><span class=\"hr-inner-style\"><\/span><\/span><\/div><br \/>\n\n<style type=\"text\/css\" data-created_by=\"avia_inline_auto\" id=\"style-css-av-av_textblock-0b24277fcb3157fd54563c4417ea17f7\">\n#top .av_textblock_section.av-av_textblock-0b24277fcb3157fd54563c4417ea17f7 .avia_textblock{\ncolor:#ffffff;\n}\n<\/style>\n<section  class='av_textblock_section av-av_textblock-0b24277fcb3157fd54563c4417ea17f7 '   itemscope=\"itemscope\" itemtype=\"https:\/\/schema.org\/CreativeWork\" ><div class='avia_textblock av_inherit_color'  itemprop=\"text\" ><h4 style=\"text-align: center;\">Kontakte<\/h4>\n<\/div><\/section><br \/>\n\n<style type=\"text\/css\" data-created_by=\"avia_inline_auto\" id=\"style-css-av-av_hr-363f03e0f6fc39b6eb684173f77e503c\">\n#top .hr.hr-invisible.av-av_hr-363f03e0f6fc39b6eb684173f77e503c{\nheight:8px;\n}\n<\/style>\n<div  class='hr av-av_hr-363f03e0f6fc39b6eb684173f77e503c hr-invisible  avia-builder-el-10  el_after_av_textblock  avia-builder-el-last '><span class='hr-inner '><span class=\"hr-inner-style\"><\/span><\/span><\/div><\/p><\/div>\n<style type=\"text\/css\" data-created_by=\"avia_inline_auto\" id=\"style-css-av-av_one_third-406fa21bad26a717d411eb98aac61e48\">\n#top .flex_column_table.av-equal-height-column-flextable.av-av_one_third-406fa21bad26a717d411eb98aac61e48{\nmargin-top:-200px;\nmargin-bottom:0px;\n}\n.flex_column.av-av_one_third-406fa21bad26a717d411eb98aac61e48{\nborder-radius:0px 0px 0px 0px;\npadding:40px 40px 40px 40px;\n}\n<\/style>\n<div  class='flex_column av-av_one_third-406fa21bad26a717d411eb98aac61e48 av_one_third  avia-builder-el-11  el_after_av_one_third  el_before_av_one_half  no_margin flex_column_table_cell av-equal-height-column av-align-top  '     ><\/div><\/div><!--close column table wrapper. Autoclose: 1 -->\n<style type=\"text\/css\" data-created_by=\"avia_inline_auto\" id=\"style-css-av-av_one_half-d71a51a707c4656b37c9afbbd6138215\">\n.flex_column.av-av_one_half-d71a51a707c4656b37c9afbbd6138215{\nborder-radius:0px 0px 0px 0px;\npadding:0px 0px 0px 0px;\n}\n<\/style>\n<div  class='flex_column av-av_one_half-d71a51a707c4656b37c9afbbd6138215 av_one_half  avia-builder-el-12  el_after_av_one_third  el_before_av_one_half  first flex_column_div av-animated-generic bottom-to-top av-zero-column-padding  column-top-margin'     ><p>\n<style type=\"text\/css\" data-created_by=\"avia_inline_auto\" id=\"style-css-av-av_heading-d31534ac3491cad404391871c513337e\">\n#top .av-special-heading.av-av_heading-d31534ac3491cad404391871c513337e{\npadding-bottom:20px;\nfont-size:34px;\n}\nbody .av-special-heading.av-av_heading-d31534ac3491cad404391871c513337e .av-special-heading-tag .heading-char{\nfont-size:25px;\n}\n#top #wrap_all .av-special-heading.av-av_heading-d31534ac3491cad404391871c513337e .av-special-heading-tag{\nfont-size:34px;\n}\n.av-special-heading.av-av_heading-d31534ac3491cad404391871c513337e .av-subheading{\nfont-size:15px;\n}\n\n@media only screen and (min-width: 480px) and (max-width: 767px){ \n#top #wrap_all .av-special-heading.av-av_heading-d31534ac3491cad404391871c513337e .av-special-heading-tag{\nfont-size:0.8em;\n}\n}\n\n@media only screen and (max-width: 479px){ \n#top #wrap_all .av-special-heading.av-av_heading-d31534ac3491cad404391871c513337e .av-special-heading-tag{\nfont-size:0.8em;\n}\n}\n<\/style>\n<div  class='av-special-heading av-av_heading-d31534ac3491cad404391871c513337e av-special-heading-h3 blockquote modern-quote  avia-builder-el-13  el_before_av_contact  avia-builder-el-first  av-inherit-size'><h3 class='av-special-heading-tag '  itemprop=\"headline\"  >Senden sie eine nachricht<\/h3><div class=\"special-heading-border\"><div class=\"special-heading-inner-border\"><\/div><\/div><\/div><br \/>\n<form action=\"https:\/\/www.artelight.com\/de\/kontakte\/\" method=\"post\" data-fields-with-error=\"Fehler wurden in folgenden Feld(ern) gefunden:\" class=\"avia_ajax_form av-form-labels-hidden   avia-builder-el-14  el_after_av_heading  avia-builder-el-last   \" data-avia-form-id=\"1\" data-avia-redirect='' ><fieldset><p class='  first_form  form_element form_element_half' id='element_avia_1_1'><label for=\"avia_1_1\">Name <abbr class=\"required\" title=\"ben\u00f6tigt\">*<\/abbr><\/label> <input name=\"avia_1_1\" class=\"text_input is_empty\" type=\"text\" id=\"avia_1_1\" value=\"\"  placeholder='Name*'\/><\/p><p class='  form_element form_element_half' id='element_avia_2_1'><label for=\"avia_2_1\">E-Mail <abbr class=\"required\" title=\"ben\u00f6tigt\">*<\/abbr><\/label> <input name=\"avia_2_1\" class=\"text_input is_email\" type=\"text\" id=\"avia_2_1\" value=\"\"  placeholder='E-Mail*'\/><\/p><p class='  first_form  form_element form_fullwidth' id='element_avia_3_1'><label for=\"avia_3_1\">Betreff <abbr class=\"required\" title=\"ben\u00f6tigt\">*<\/abbr><\/label> <input name=\"avia_3_1\" class=\"text_input is_empty\" type=\"text\" id=\"avia_3_1\" value=\"\"  placeholder='Betreff*'\/><\/p><p class='  first_form  form_element form_fullwidth' id='element_avia_4_1'><label for=\"avia_4_1\" class=\"textare_label hidden textare_label_avia_4_1\">Nachricht <abbr class=\"required\" title=\"ben\u00f6tigt\">*<\/abbr><\/label><textarea  placeholder='Nachricht*' name=\"avia_4_1\" class=\"text_area is_empty\" cols=\"40\" rows=\"7\" id=\"avia_4_1\" ><\/textarea><\/p><p class=\"hidden\"><input type=\"text\" name=\"avia_5_1\" class=\"hidden \" id=\"avia_5_1\" value=\"\" \/><\/p><p class=' av_form_privacy_check av_contact_privacy_check first_form  form_element form_fullwidth' id='element_avia_6_1'><input  name=\"avia_6_1\" class=\"input_checkbox is_empty\" type=\"checkbox\" id=\"avia_6_1\" value=\"true\"\/><label class=\"input_checkbox_label\" for=\"avia_6_1\">Ich stimme der Verarbeitung meiner Daten nach den <a href='https:\/\/www.artelight.com\/privacy-policy\/' target='_blank'>Datenschutzerkl\u00e4rung<\/a> zu (GDPR Ue 2016\/679) <abbr class=\"required\" title=\"ben\u00f6tigt\">*<\/abbr><\/label><\/p><p class=\"form_element \"><input type=\"hidden\" value=\"1\" name=\"avia_generated_form1\" \/><input type=\"submit\" value=\"Senden Sie Ihre Nachricht\" class=\"button\"  data-sending-label=\"Sende\"\/><\/p><\/fieldset><\/form><div id=\"ajaxresponse_1\" class=\"ajaxresponse ajaxresponse_1 hidden\"><\/div><\/p><\/div>\n<style type=\"text\/css\" data-created_by=\"avia_inline_auto\" id=\"style-css-av-av_one_half-93bea18e2ccb60552a17080633244dec\">\n.flex_column.av-av_one_half-93bea18e2ccb60552a17080633244dec{\nborder-radius:0px 0px 0px 0px;\npadding:0px 0px 0px 0px;\n}\n<\/style>\n<div  class='flex_column av-av_one_half-93bea18e2ccb60552a17080633244dec av_one_half  avia-builder-el-15  el_after_av_one_half  avia-builder-el-last  flex_column_div av-animated-generic bottom-to-top av-zero-column-padding  column-top-margin'     ><p>\n<style type=\"text\/css\" data-created_by=\"avia_inline_auto\" id=\"style-css-av-av_heading-ec1a3e257303b9cd7b1a1bf22cdd464e\">\n#top .av-special-heading.av-av_heading-ec1a3e257303b9cd7b1a1bf22cdd464e{\npadding-bottom:20px;\nfont-size:34px;\n}\nbody .av-special-heading.av-av_heading-ec1a3e257303b9cd7b1a1bf22cdd464e .av-special-heading-tag .heading-char{\nfont-size:25px;\n}\n#top #wrap_all .av-special-heading.av-av_heading-ec1a3e257303b9cd7b1a1bf22cdd464e .av-special-heading-tag{\nfont-size:34px;\n}\n.av-special-heading.av-av_heading-ec1a3e257303b9cd7b1a1bf22cdd464e .av-subheading{\nfont-size:15px;\n}\n\n@media only screen and (min-width: 480px) and (max-width: 767px){ \n#top #wrap_all .av-special-heading.av-av_heading-ec1a3e257303b9cd7b1a1bf22cdd464e .av-special-heading-tag{\nfont-size:0.8em;\n}\n}\n\n@media only screen and (max-width: 479px){ \n#top #wrap_all .av-special-heading.av-av_heading-ec1a3e257303b9cd7b1a1bf22cdd464e .av-special-heading-tag{\nfont-size:0.8em;\n}\n}\n<\/style>\n<div  class='av-special-heading av-av_heading-ec1a3e257303b9cd7b1a1bf22cdd464e av-special-heading-h3 blockquote modern-quote  avia-builder-el-16  el_before_av_textblock  avia-builder-el-first  av-inherit-size'><h3 class='av-special-heading-tag '  itemprop=\"headline\"  >Wo sind wir<\/h3><div class=\"special-heading-border\"><div class=\"special-heading-inner-border\"><\/div><\/div><\/div><br \/>\n<section  class='av_textblock_section av-av_textblock-396ddf1f42196ca838231e61a4602801 '   itemscope=\"itemscope\" itemtype=\"https:\/\/schema.org\/CreativeWork\" ><div class='avia_textblock'  itemprop=\"text\" ><p>F\u00fcr weitere Informationen zu unseren Serviceleistungen z\u00f6gern Sie nicht, uns \u00fcber das Formular auf dieser Seite oder \u00fcber folgende Kontaktdaten zu kontaktieren.<\/p>\n<\/div><\/section><br \/>\n<section  class='av_textblock_section av-av_textblock-396ddf1f42196ca838231e61a4602801 '   itemscope=\"itemscope\" itemtype=\"https:\/\/schema.org\/CreativeWork\" ><div class='avia_textblock'  itemprop=\"text\" ><p>\n<style type=\"text\/css\" data-created_by=\"avia_inline_auto\" id=\"style-css-av-av_font_icon-c6d1d956ca1c7e17e8a4b050154dac11\">\n.av_font_icon.av-av_font_icon-c6d1d956ca1c7e17e8a4b050154dac11 .av-icon-char{\nfont-size:40px;\nline-height:40px;\n}\n<\/style>\n<span  class='av_font_icon av-av_font_icon-c6d1d956ca1c7e17e8a4b050154dac11 avia_animate_when_visible av-icon-style- avia-icon-pos-left avia-iconfont avia-font-entypo-fontello av-no-color avia-icon-animate'><span class='av-icon-char' data-av_icon='\ue842' data-av_iconfont='entypo-fontello' aria-hidden=\"true\" ><\/span><\/span> \u00a0<strong>Via Louis Pasteur, 33<br \/>\n<\/strong> 31059 &#8211; Scandolara di Zero Branco (Treviso)<\/p>\n<p>\n<style type=\"text\/css\" data-created_by=\"avia_inline_auto\" id=\"style-css-av-av_font_icon-409760c77ad5280da8be37c2c1249bd9\">\n.av_font_icon.av-av_font_icon-409760c77ad5280da8be37c2c1249bd9 .av-icon-char{\nfont-size:20px;\nline-height:20px;\n}\n<\/style>\n<span  class='av_font_icon av-av_font_icon-409760c77ad5280da8be37c2c1249bd9 avia_animate_when_visible av-icon-style- avia-icon-pos-left avia-iconfont avia-font-entypo-fontello av-no-color avia-icon-animate'><span class='av-icon-char' data-av_icon='\ue805' data-av_iconfont='entypo-fontello' aria-hidden=\"true\" ><\/span><\/span> \u00a0<a href=\"mailto:info@artelight.com\"><strong>info@artelight.com<\/strong><\/a><\/p>\n<p>\n<style type=\"text\/css\" data-created_by=\"avia_inline_auto\" id=\"style-css-av-av_font_icon-edd3d9a2a78dc05632de29009dda4863\">\n.av_font_icon.av-av_font_icon-edd3d9a2a78dc05632de29009dda4863 .av-icon-char{\nfont-size:20px;\nline-height:20px;\n}\n<\/style>\n<span  class='av_font_icon av-av_font_icon-edd3d9a2a78dc05632de29009dda4863 avia_animate_when_visible av-icon-style- avia-icon-pos-left avia-iconfont avia-font-entypo-fontello av-no-color avia-icon-animate'><span class='av-icon-char' data-av_icon='\ue854' data-av_iconfont='entypo-fontello' aria-hidden=\"true\" ><\/span><\/span> \u00a0<a href=\"tel:+390422488142\">(+39) 0422 488142<\/a><\/p>\n<\/div><\/section><\/p><\/div><\/div><\/div><\/div><!-- close content main div --><\/div><\/div><div id='after_section_1'  class='main_color av_default_container_wrap container_wrap sidebar_right'  ><div class='container av-section-cont-open' ><div class='template-page content  av-content-small alpha units'><div class='post-entry post-entry-type-page post-entry-5470'><div class='entry-content-wrapper clearfix'>\n","protected":false},"excerpt":{"rendered":"","protected":false},"author":2,"featured_media":0,"parent":0,"menu_order":0,"comment_status":"closed","ping_status":"closed","template":"","meta":{"footnotes":""},"class_list":["post-5470","page","type-page","status-publish","hentry"],"yoast_head":"<!-- This site is optimized with the Yoast SEO plugin v27.4 - https:\/\/yoast.com\/product\/yoast-seo-wordpress\/ -->\n<title>Kontakte - Arte Light<\/title>\n<meta name=\"robots\" content=\"index, follow, max-snippet:-1, max-image-preview:large, max-video-preview:-1\" \/>\n<link rel=\"canonical\" href=\"https:\/\/www.artelight.com\/de\/kontakte\/\" \/>\n<meta property=\"og:locale\" content=\"de_DE\" \/>\n<meta property=\"og:type\" content=\"article\" \/>\n<meta property=\"og:title\" content=\"Kontakte - Arte Light\" \/>\n<meta property=\"og:url\" content=\"https:\/\/www.artelight.com\/de\/kontakte\/\" \/>\n<meta property=\"og:site_name\" content=\"Arte Light\" \/>\n<meta property=\"article:publisher\" content=\"https:\/\/www.facebook.com\/Artelightsrl\/\" \/>\n<meta property=\"article:modified_time\" content=\"2018-06-21T13:35:20+00:00\" \/>\n<meta name=\"twitter:card\" content=\"summary_large_image\" \/>\n<meta name=\"twitter:label1\" content=\"Gesch\u00e4tzte Lesezeit\" \/>\n\t<meta name=\"twitter:data1\" content=\"6\u00a0Minuten\" \/>\n<script type=\"application\/ld+json\" class=\"yoast-schema-graph\">{\"@context\":\"https:\\\/\\\/schema.org\",\"@graph\":[{\"@type\":\"WebPage\",\"@id\":\"https:\\\/\\\/www.artelight.com\\\/de\\\/kontakte\\\/\",\"url\":\"https:\\\/\\\/www.artelight.com\\\/de\\\/kontakte\\\/\",\"name\":\"Kontakte - Arte Light\",\"isPartOf\":{\"@id\":\"https:\\\/\\\/www.artelight.com\\\/de\\\/#website\"},\"datePublished\":\"2017-06-27T09:35:45+00:00\",\"dateModified\":\"2018-06-21T13:35:20+00:00\",\"breadcrumb\":{\"@id\":\"https:\\\/\\\/www.artelight.com\\\/de\\\/kontakte\\\/#breadcrumb\"},\"inLanguage\":\"de\",\"potentialAction\":[{\"@type\":\"ReadAction\",\"target\":[\"https:\\\/\\\/www.artelight.com\\\/de\\\/kontakte\\\/\"]}]},{\"@type\":\"BreadcrumbList\",\"@id\":\"https:\\\/\\\/www.artelight.com\\\/de\\\/kontakte\\\/#breadcrumb\",\"itemListElement\":[{\"@type\":\"ListItem\",\"position\":1,\"name\":\"Home\",\"item\":\"https:\\\/\\\/www.artelight.com\\\/de\\\/homepage\\\/\"},{\"@type\":\"ListItem\",\"position\":2,\"name\":\"Kontakte\"}]},{\"@type\":\"WebSite\",\"@id\":\"https:\\\/\\\/www.artelight.com\\\/de\\\/#website\",\"url\":\"https:\\\/\\\/www.artelight.com\\\/de\\\/\",\"name\":\"Arte Light\",\"description\":\"Veste la luce\",\"publisher\":{\"@id\":\"https:\\\/\\\/www.artelight.com\\\/de\\\/#organization\"},\"potentialAction\":[{\"@type\":\"SearchAction\",\"target\":{\"@type\":\"EntryPoint\",\"urlTemplate\":\"https:\\\/\\\/www.artelight.com\\\/de\\\/?s={search_term_string}\"},\"query-input\":{\"@type\":\"PropertyValueSpecification\",\"valueRequired\":true,\"valueName\":\"search_term_string\"}}],\"inLanguage\":\"de\"},{\"@type\":\"Organization\",\"@id\":\"https:\\\/\\\/www.artelight.com\\\/de\\\/#organization\",\"name\":\"Arte Light\",\"url\":\"https:\\\/\\\/www.artelight.com\\\/de\\\/\",\"logo\":{\"@type\":\"ImageObject\",\"inLanguage\":\"de\",\"@id\":\"https:\\\/\\\/www.artelight.com\\\/de\\\/#\\\/schema\\\/logo\\\/image\\\/\",\"url\":\"https:\\\/\\\/www.artelight.com\\\/wp-content\\\/uploads\\\/2017\\\/02\\\/logo.png\",\"contentUrl\":\"https:\\\/\\\/www.artelight.com\\\/wp-content\\\/uploads\\\/2017\\\/02\\\/logo.png\",\"width\":352,\"height\":90,\"caption\":\"Arte Light\"},\"image\":{\"@id\":\"https:\\\/\\\/www.artelight.com\\\/de\\\/#\\\/schema\\\/logo\\\/image\\\/\"},\"sameAs\":[\"https:\\\/\\\/www.facebook.com\\\/Artelightsrl\\\/\"]}]}<\/script>\n<!-- \/ Yoast SEO plugin. -->","yoast_head_json":{"title":"Kontakte - Arte Light","robots":{"index":"index","follow":"follow","max-snippet":"max-snippet:-1","max-image-preview":"max-image-preview:large","max-video-preview":"max-video-preview:-1"},"canonical":"https:\/\/www.artelight.com\/de\/kontakte\/","og_locale":"de_DE","og_type":"article","og_title":"Kontakte - Arte Light","og_url":"https:\/\/www.artelight.com\/de\/kontakte\/","og_site_name":"Arte Light","article_publisher":"https:\/\/www.facebook.com\/Artelightsrl\/","article_modified_time":"2018-06-21T13:35:20+00:00","twitter_card":"summary_large_image","twitter_misc":{"Gesch\u00e4tzte Lesezeit":"6\u00a0Minuten"},"schema":{"@context":"https:\/\/schema.org","@graph":[{"@type":"WebPage","@id":"https:\/\/www.artelight.com\/de\/kontakte\/","url":"https:\/\/www.artelight.com\/de\/kontakte\/","name":"Kontakte - Arte Light","isPartOf":{"@id":"https:\/\/www.artelight.com\/de\/#website"},"datePublished":"2017-06-27T09:35:45+00:00","dateModified":"2018-06-21T13:35:20+00:00","breadcrumb":{"@id":"https:\/\/www.artelight.com\/de\/kontakte\/#breadcrumb"},"inLanguage":"de","potentialAction":[{"@type":"ReadAction","target":["https:\/\/www.artelight.com\/de\/kontakte\/"]}]},{"@type":"BreadcrumbList","@id":"https:\/\/www.artelight.com\/de\/kontakte\/#breadcrumb","itemListElement":[{"@type":"ListItem","position":1,"name":"Home","item":"https:\/\/www.artelight.com\/de\/homepage\/"},{"@type":"ListItem","position":2,"name":"Kontakte"}]},{"@type":"WebSite","@id":"https:\/\/www.artelight.com\/de\/#website","url":"https:\/\/www.artelight.com\/de\/","name":"Arte Light","description":"Veste la luce","publisher":{"@id":"https:\/\/www.artelight.com\/de\/#organization"},"potentialAction":[{"@type":"SearchAction","target":{"@type":"EntryPoint","urlTemplate":"https:\/\/www.artelight.com\/de\/?s={search_term_string}"},"query-input":{"@type":"PropertyValueSpecification","valueRequired":true,"valueName":"search_term_string"}}],"inLanguage":"de"},{"@type":"Organization","@id":"https:\/\/www.artelight.com\/de\/#organization","name":"Arte Light","url":"https:\/\/www.artelight.com\/de\/","logo":{"@type":"ImageObject","inLanguage":"de","@id":"https:\/\/www.artelight.com\/de\/#\/schema\/logo\/image\/","url":"https:\/\/www.artelight.com\/wp-content\/uploads\/2017\/02\/logo.png","contentUrl":"https:\/\/www.artelight.com\/wp-content\/uploads\/2017\/02\/logo.png","width":352,"height":90,"caption":"Arte Light"},"image":{"@id":"https:\/\/www.artelight.com\/de\/#\/schema\/logo\/image\/"},"sameAs":["https:\/\/www.facebook.com\/Artelightsrl\/"]}]}},"_links":{"self":[{"href":"https:\/\/www.artelight.com\/de\/wp-json\/wp\/v2\/pages\/5470","targetHints":{"allow":["GET"]}}],"collection":[{"href":"https:\/\/www.artelight.com\/de\/wp-json\/wp\/v2\/pages"}],"about":[{"href":"https:\/\/www.artelight.com\/de\/wp-json\/wp\/v2\/types\/page"}],"author":[{"embeddable":true,"href":"https:\/\/www.artelight.com\/de\/wp-json\/wp\/v2\/users\/2"}],"replies":[{"embeddable":true,"href":"https:\/\/www.artelight.com\/de\/wp-json\/wp\/v2\/comments?post=5470"}],"version-history":[{"count":22,"href":"https:\/\/www.artelight.com\/de\/wp-json\/wp\/v2\/pages\/5470\/revisions"}],"predecessor-version":[{"id":6405,"href":"https:\/\/www.artelight.com\/de\/wp-json\/wp\/v2\/pages\/5470\/revisions\/6405"}],"wp:attachment":[{"href":"https:\/\/www.artelight.com\/de\/wp-json\/wp\/v2\/media?parent=5470"}],"curies":[{"name":"wp","href":"https:\/\/api.w.org\/{rel}","templated":true}]}}